{"id":12911,"date":"2012-06-14T10:53:22","date_gmt":"2012-06-14T08:53:22","guid":{"rendered":"https:\/\/kosteroarna.com\/koster-info\/the-koster-islands\/"},"modified":"2023-04-21T10:28:41","modified_gmt":"2023-04-21T08:28:41","slug":"the-koster-islands","status":"publish","type":"page","link":"https:\/\/kosteroarna.com\/en\/koster-info\/the-koster-islands\/","title":{"rendered":"The Koster Islands"},"content":{"rendered":"<h3>Sweden&#8217;s westernmost inhabited islands<\/h3>\n<p>Outside Str\u00f6mstad to the west are the scenic Koster Islands. It is Sweden&#8217;s most westerly island with a resident population of about 300 people. Proximity to the sea characterises the community.<\/p>\n<p>The islands consist of North and South Koster. Surrounding it is the Koster archipelago with a number of islets and islets. Most of the islands are nature reserves.<\/p>\n<p><strong>Northkoster<\/strong> is only about 4 km2 . On foot is the best way to get around here. The road network consists largely of paths. The island possesses a beautiful and dramatic nature with many different shifts within a small area. There are lovely beaches, heaths and small forests. Out on the west side, there are different types of rock showing a rare diversity and large clapperstone fields with clear traces of the Ice Age. On North Koster, Koster&#8217;s lighthouses rise on the Heights. They are back in use after being extinguished for 110 years. The view from here is breathtakingly beautiful and well worth a visit. The ruins below are the former homes of lighthouse keepers.<\/p>\n<p><strong>South Koster<\/strong> is the larger of the islands, about 8 km2. Here too, the distances are no longer than walking distance. A network of paths is marked in different colours and stretches between the jetties.<br \/>\nIf you want to cycle, there are bike rentals at L\u00e5ngag\u00e4rde and Eken\u00e4s. Don&#8217;t forget the traffic rules, it&#8217;s right-hand traffic in Sweden, even if you&#8217;re on a bike ride in South Crete. The islands are not car-free as is sometimes claimed.<br \/>\nSouth Koster has great beaches such as R\u00f6rvik in Eken\u00e4s and the kilometre-long sandy beach at Kilesand. The forests are a bit bigger and the paths and roads more numerous.<br \/>\nValfj\u00e4ll opposite the small wooden church is a beautiful and peaceful vantage point. The stairs are helpful on the way up and down. Here you can sit and enjoy the view of the Koster archipelago and Ursholmen.<br \/>\nA nice little museum is located at L\u00e5ngag\u00e4rde.<br \/>\nThe rare bohuslinden grows at Eken\u00e4s and there are also a variety of orchids to see for the botanically interested.<\/p>\n","protected":false},"excerpt":{"rendered":"<p>Sweden&#8217;s westernmost inhabited islands Outside Str\u00f6mstad to the west are the scenic Koster Islands. It is Sweden&#8217;s most westerly island with a resident population of about 300 people. Proximity to the sea characterises the community. The islands consist of North and South Koster. Surrounding it is the Koster archipelago with a number of islets and [&hellip;]<\/p>\n","protected":false},"author":2,"featured_media":12651,"parent":0,"menu_order":0,"comment_status":"closed","ping_status":"closed","template":"","meta":{"_acf_changed":false,"footnotes":""},"class_list":["post-12911","page","type-page","status-publish","has-post-thumbnail","hentry"],"acf":[],"amp_enabled":true,"_links":{"self":[{"href":"https:\/\/kosteroarna.com\/en\/wp-json\/wp\/v2\/pages\/12911","targetHints":{"allow":["GET"]}}],"collection":[{"href":"https:\/\/kosteroarna.com\/en\/wp-json\/wp\/v2\/pages"}],"about":[{"href":"https:\/\/kosteroarna.com\/en\/wp-json\/wp\/v2\/types\/page"}],"author":[{"embeddable":true,"href":"https:\/\/kosteroarna.com\/en\/wp-json\/wp\/v2\/users\/2"}],"replies":[{"embeddable":true,"href":"https:\/\/kosteroarna.com\/en\/wp-json\/wp\/v2\/comments?post=12911"}],"version-history":[{"count":1,"href":"https:\/\/kosteroarna.com\/en\/wp-json\/wp\/v2\/pages\/12911\/revisions"}],"predecessor-version":[{"id":13314,"href":"https:\/\/kosteroarna.com\/en\/wp-json\/wp\/v2\/pages\/12911\/revisions\/13314"}],"wp:featuredmedia":[{"embeddable":true,"href":"https:\/\/kosteroarna.com\/en\/wp-json\/wp\/v2\/media\/12651"}],"wp:attachment":[{"href":"https:\/\/kosteroarna.com\/en\/wp-json\/wp\/v2\/media?parent=12911"}],"curies":[{"name":"wp","href":"https:\/\/api.w.org\/{rel}","templated":true}]}}