{"id":12887,"date":"2012-06-18T19:03:15","date_gmt":"2012-06-18T17:03:15","guid":{"rendered":"https:\/\/kosteroarna.com\/koster-info\/cable-ferry-kostersundet\/"},"modified":"2023-04-21T10:26:45","modified_gmt":"2023-04-21T08:26:45","slug":"cable-ferry-kostersundet","status":"publish","type":"page","link":"https:\/\/kosteroarna.com\/en\/koster-info\/cable-ferry-kostersundet\/","title":{"rendered":"Cable ferry Kostersundet"},"content":{"rendered":"<p><a href=\"http:\/\/kosteroarna.com\/koster-info\/linfarjan\/koster-2010-foto-goran-assner-0839\/\" rel=\"attachment wp-att-1543\"><img loading=\"lazy\" decoding=\"async\" src=\"http:\/\/kosteroarna.com\/wp-content\/uploads\/2012\/06\/KOSTER-2010-Foto-G%C3%B6ran-Assner-0839-150x150.jpg\" alt=\"Photo G\u00f6ran Assner\" width=\"150\" height=\"150\"><\/a><\/p>\n<p>The cable ferry Kosterl\u00e4nken is a connection across the Koster Strait between North and South Koster. During the summer months, the little ferry is manned every day from June until mid-August. During the rest of the year, visitors can travel between the islands on the Koster boat from the V\u00e4stra Bryggan jetty on North Koster to L\u00e5ngeg\u00e4rde on South Koster for a fee, and children up to 13 years of age can travel for free. If you are not in a rush, you can be lucky and get across with a local on the cable ferry.<\/p>\n<p>Payment machine (card) available at the quay or SMS payment (no cash).<\/p>\n<p>For current information and operation see link to <a href=\"http:\/\/stromstad.se\/trafikochinfrastruktur\/linfarjor\/linfarjankosterlanken.4.3fed02301498a2c09989bcf.html\">Kosterl\u00e4nken Str\u00f6mstad Kommun<\/a><\/p>\n<p><strong>Winter 2023<\/strong>: The ferry Kosterl\u00e4nken closed between 23 January and 24 March for maintenance work.<\/p>\n<p><strong>Driving the Kosterl\u00e4nken ferry<br \/>\n<\/strong>To drive the ferry, you need an approved introductory course. <a href=\"http:\/\/stromstad.se\/trafikochinfrastruktur\/linfarjor\/linfarjankosterlanken.4.3fed02301498a2c09989bcf.html\">Link to more information on training and rules<\/a><\/p>\n","protected":false},"excerpt":{"rendered":"<p>The cable ferry Kosterl\u00e4nken is a connection across the Koster Strait between North and South Koster. During the summer months, the little ferry is manned every day from June until mid-August. During the rest of the year, visitors can travel between the islands on the Koster boat from the V\u00e4stra Bryggan jetty on North Koster [&hellip;]<\/p>\n","protected":false},"author":2,"featured_media":12463,"parent":0,"menu_order":0,"comment_status":"closed","ping_status":"closed","template":"","meta":{"_acf_changed":false,"footnotes":""},"class_list":["post-12887","page","type-page","status-publish","has-post-thumbnail","hentry"],"acf":[],"amp_enabled":true,"_links":{"self":[{"href":"https:\/\/kosteroarna.com\/en\/wp-json\/wp\/v2\/pages\/12887","targetHints":{"allow":["GET"]}}],"collection":[{"href":"https:\/\/kosteroarna.com\/en\/wp-json\/wp\/v2\/pages"}],"about":[{"href":"https:\/\/kosteroarna.com\/en\/wp-json\/wp\/v2\/types\/page"}],"author":[{"embeddable":true,"href":"https:\/\/kosteroarna.com\/en\/wp-json\/wp\/v2\/users\/2"}],"replies":[{"embeddable":true,"href":"https:\/\/kosteroarna.com\/en\/wp-json\/wp\/v2\/comments?post=12887"}],"version-history":[{"count":2,"href":"https:\/\/kosteroarna.com\/en\/wp-json\/wp\/v2\/pages\/12887\/revisions"}],"predecessor-version":[{"id":13307,"href":"https:\/\/kosteroarna.com\/en\/wp-json\/wp\/v2\/pages\/12887\/revisions\/13307"}],"wp:featuredmedia":[{"embeddable":true,"href":"https:\/\/kosteroarna.com\/en\/wp-json\/wp\/v2\/media\/12463"}],"wp:attachment":[{"href":"https:\/\/kosteroarna.com\/en\/wp-json\/wp\/v2\/media?parent=12887"}],"curies":[{"name":"wp","href":"https:\/\/api.w.org\/{rel}","templated":true}]}}