{"id":12881,"date":"2012-08-18T13:44:34","date_gmt":"2012-08-18T11:44:34","guid":{"rendered":"https:\/\/kosteroarna.com\/open-at-koster-winter-2023\/"},"modified":"2023-04-21T10:25:57","modified_gmt":"2023-04-21T08:25:57","slug":"open-at-koster-winter-2023","status":"publish","type":"page","link":"https:\/\/kosteroarna.com\/en\/open-at-koster-winter-2023\/","title":{"rendered":"Open at Koster &#8211; winter 2023"},"content":{"rendered":"<h5><a href=\"https:\/\/kosteroarna.com\/wp-content\/uploads\/2012\/06\/Julen-2010-33.jpg\"><img loading=\"lazy\" decoding=\"async\" class=\"alignleft size-full wp-image-836\" src=\"https:\/\/kosteroarna.com\/wp-content\/uploads\/2012\/06\/Julen-2010-33.jpg\" alt=\"\" width=\"3840\" height=\"2160\" srcset=\"https:\/\/kosteroarna.com\/wp-content\/uploads\/2012\/06\/Julen-2010-33.jpg 3840w, https:\/\/kosteroarna.com\/wp-content\/uploads\/2012\/06\/Julen-2010-33-300x168.jpg 300w, https:\/\/kosteroarna.com\/wp-content\/uploads\/2012\/06\/Julen-2010-33-1024x576.jpg 1024w\" sizes=\"auto, (max-width: 3840px) 100vw, 3840px\" \/><\/a>Open at Koster &#8211; Winter 2023<\/h5>\n<p><em><strong>Here is an overview of the services and restaurants currently available, but we recommend keeping an eye out for updated information and opening hours on each company&#8217;s website and Instagram\/Facebook page. More information can be found in the FB-group &#8220;Det h\u00e4nder p\u00e5 Koster&#8221; .<\/strong> <\/em><\/p>\n<h4><strong>Good to know  <\/strong><\/h4>\n<p><strong>The Kosterferry<\/strong>Travel out to Koster with the Koster service<a href=\"https:\/\/kosteroarna.com\/wp-content\/uploads\/2021\/12\/Kosterbaten-tidtabell-vinter-2022.pdf\">(timetable<\/a>). The Koster ferry departs from Norra Hamnen, at the square in Str\u00f6mstad.<br>You can buy a return ticket on board (or in a vending machine at the jetty) in Str\u00f6mstad. You can also buy tickets in the V\u00e4sttrafik To Go app (single ticket only). If you bring your own bike or kayak, you pay an extra fee\/ticket on board (not via app or pay machine).  <br>For <strong>more information on ticket purchase, prices and timetables, visit <a href=\"http:\/\/www.kostermarin.se\/Tidtabeller.php\">www.kostermarin.se<\/a><\/strong>or search the journey planner at <a href=\"http:\/\/www.vastrafik.se\">www.vastrafik.se <\/a>. <\/p>\n<p><strong>Ferry Kosterl\u00e4nken<\/strong> between North and South Koster (Western pier-L\u00e5ngeg\u00e4rde). More information about <a href=\"https:\/\/www.stromstad.se\/trafikochinfrastruktur\/linfarjor\/linfarjankosterlanken.4.3fed02301498a2c09989bcf.html\">staffing &amp; payment<\/a> <br><em>Unmanned winter: travel with Kosterb\u00e5ten, recommend crossing V\u00e4stra Bryggan, Nordkoster &#8211; L\u00e5ngeg\u00e4rde, Sydkoster. Or travel with a local across the channel. <br><strong>PLEASE NOTE!<\/strong> The cableferry Kosterl\u00e4nken closed between 23 January and 24 March 2023 for maintenance work!<\/em><\/p>\n<p><strong>Want to stay overnight on the Koster Islands?<\/strong> You can find accommodation via the link <a href=\"http:\/\/kosteroarna.com\/kategori\/bo\/\">Accommodation on the Koster Islands<\/a><br>PLEASE NOTE! Please note that tents are not allowed on the Koster Islands, camping is only allowed at the campsite Reservatet, Nordkoster (tent pitch must be pre-booked).<\/p>\n<p><strong>Kosterbladet<\/strong> information brochure with lots of curiosities and facts for the Koster visitor. Download <a href=\"http:\/\/kosteroarna.com\/wp-content\/uploads\/2022\/03\/Kosterbladet-2022-web.pdf\"><strong>Kosterbladet 2022<\/strong><\/a><\/p>\n<h4> <\/h4>\n<h5>Ica Sydkoster<\/h5>\n<p><span style=\"color: #000000;\"><em style=\"font-family: Lato, Helvetica, Arial, sans-serif; font-size: 16px; font-weight: 500; letter-spacing: 0.01em; word-spacing: 0.01em;\">Groceries, petrol, games, pharmacy &amp; caf\u00e9 in the square.<\/em><\/span><\/p>\n<p><strong>Tuesday-Friday<\/strong> at. 10-18, <strong>Saturday<\/strong> at. 10-14 (Tuesday &amp; Thursday closed 13.45-15.30).<em><br><\/em>Tel. +46526-200 35<em>.<br><\/em><a href=\"https:\/\/www.ica.se\/butiker\/nara\/stromstad\/ica-nara-affarn-sydkoster-1796\/start\/\"><strong>Read more&gt;&gt;<\/strong><\/a><\/p>\n<h5><strong>Kosterlamm<\/strong><\/h5>\n<p><em>Farm shop selling lamb products and lamb skins, Brevik.<br><\/em>For opening hours:<a href=\"https:\/\/www.facebook.com\/Kosterlamm-271371036298261\"> Facebook<\/a> or call 070-748-31-07<\/p>\n<h5>Kosters R\u00f6keri<\/h5>\n<p>Restaurant at Eken\u00e4s jetty and opens up 10 March!<br><strong><a href=\"https:\/\/www.facebook.com\/kostersrokeriet\">More info\/Facebook&gt;&gt;<\/a><\/strong><\/p>\n<h5>Kosterhavet Nature Centre<\/h5>\n<p><em>Kosterhavet National Park Visitor Centre, Eken\u00e4s jetty<br><\/em><strong>Open during sports holidays<\/strong> (20-26 February). 10-17 and Sunday at. 11.30-17.  <br>Tel. 010-224 40 00<br><a href=\"https:\/\/www.sverigesnationalparker.se\/park\/kosterhavets-nationalpark\/upplevelser\/oppettider-naturum\/\"><strong>More info and opening hours&gt;&gt;<\/strong><\/a><\/p>\n<h5>B&amp;B Eken\u00e4s Koster<\/h5>\n<p>Caf\u00e9 at Eken\u00e4s jetty, open every day from 9 February!<br>Tel. 0526 &#8211; 202 50<br><strong><a href=\"https:\/\/www.facebook.com\/PEKoster\">More info\/Facebook&gt;&gt;<\/a><\/strong><\/p>\n<p><em> <\/em><\/p>\n<section id=\"section-id-1583230127602\"><\/section>\n<p style=\"text-align: center;\"><em>Reservation for changes in opening hours &#8211; <a href=\"https:\/\/www.kostersframtid.se\/\">Kosteroarna.com<\/a><\/em><\/p>\n<p><\/p>\n\n\n<p><p>&nbsp;<\/p>\n<p>\n<\/p><\/p>\n\n\n<p><\/p>","protected":false},"excerpt":{"rendered":"<p>Open at Koster &#8211; Winter 2023 Here is an overview of the services and restaurants currently available, but we recommend keeping an eye out for updated information and opening hours on each company&#8217;s website and Instagram\/Facebook page. More information can be found in the FB-group &#8220;Det h\u00e4nder p\u00e5 Koster&#8221; . Good to know The KosterferryTravel [&hellip;]<\/p>\n","protected":false},"author":2,"featured_media":12437,"parent":0,"menu_order":0,"comment_status":"closed","ping_status":"closed","template":"","meta":{"_acf_changed":false,"footnotes":""},"class_list":["post-12881","page","type-page","status-publish","has-post-thumbnail","hentry"],"acf":[],"amp_enabled":true,"_links":{"self":[{"href":"https:\/\/kosteroarna.com\/en\/wp-json\/wp\/v2\/pages\/12881","targetHints":{"allow":["GET"]}}],"collection":[{"href":"https:\/\/kosteroarna.com\/en\/wp-json\/wp\/v2\/pages"}],"about":[{"href":"https:\/\/kosteroarna.com\/en\/wp-json\/wp\/v2\/types\/page"}],"author":[{"embeddable":true,"href":"https:\/\/kosteroarna.com\/en\/wp-json\/wp\/v2\/users\/2"}],"replies":[{"embeddable":true,"href":"https:\/\/kosteroarna.com\/en\/wp-json\/wp\/v2\/comments?post=12881"}],"version-history":[{"count":4,"href":"https:\/\/kosteroarna.com\/en\/wp-json\/wp\/v2\/pages\/12881\/revisions"}],"predecessor-version":[{"id":13305,"href":"https:\/\/kosteroarna.com\/en\/wp-json\/wp\/v2\/pages\/12881\/revisions\/13305"}],"wp:featuredmedia":[{"embeddable":true,"href":"https:\/\/kosteroarna.com\/en\/wp-json\/wp\/v2\/media\/12437"}],"wp:attachment":[{"href":"https:\/\/kosteroarna.com\/en\/wp-json\/wp\/v2\/media?parent=12881"}],"curies":[{"name":"wp","href":"https:\/\/api.w.org\/{rel}","templated":true}]}}